{"id":8,"date":"2022-08-26T09:15:42","date_gmt":"2022-08-26T07:15:42","guid":{"rendered":"http:\/\/podlasiebranickich.pl\/?page_id=8"},"modified":"2022-10-06T22:29:38","modified_gmt":"2022-10-06T20:29:38","slug":"strona-glowna","status":"publish","type":"page","link":"http:\/\/podlasiebranickich.pl\/","title":{"rendered":"Strona g\u0142\u00f3wna"},"content":{"rendered":"\n<div class=\"wp-block-cover alignfull is-light has-custom-content-position is-position-bottom-center film\" style=\"min-height:700px;aspect-ratio:unset;\"><span aria-hidden=\"true\" class=\"wp-block-cover__background has-neve-text-color-background-color has-background-dim-0 has-background-dim\"><\/span><video class=\"wp-block-cover__video-background intrinsic-ignore\" autoplay muted loop playsinline src=\"http:\/\/podlasiebranickich.pl\/wp-content\/uploads\/2022\/09\/Bufor-1.mp4\" style=\"object-position:50% 0%\" data-object-fit=\"cover\" data-object-position=\"50% 0%\"><\/video><div class=\"wp-block-cover__inner-container is-layout-flow wp-block-cover-is-layout-flow\">\n<div style=\"height:290px\" aria-hidden=\"true\" class=\"wp-block-spacer odstepik\"><\/div>\n\n\n\n<p><\/p>\n\n\n\n<h1 class=\"has-text-align-left text_glowny has-nv-site-bg-color has-text-color wp-block-heading\" style=\"font-style:normal;font-weight:100\">Poznaj dziedzictwo Branickich na Podlasiu<\/h1>\n\n\n\n<p class=\"has-text-align-left text_glowny has-nv-site-bg-color has-text-color has-background\" style=\"background-color:#00000070;font-size:22px\">Podlasiebranickich.pl to serwis, kt\u00f3ry prezentuje obiekty kultury materialnej pozosta\u0142e po rodzie Branickich na Podlasiu. Na portalu mo\u017cna odnale\u017a\u0107 opisy oraz zdj\u0119cia cennych zabytk\u00f3w z naszego regionu o unikalnym znaczeniu naukowym, kulturowym i historycznym.<\/p>\n\n\n\n<div class=\"wp-block-buttons is-content-justification-center is-layout-flex wp-container-core-buttons-is-layout-16018d1d wp-block-buttons-is-layout-flex\">\n<div class=\"wp-block-button is-style-primary\"><a class=\"wp-block-button__link\" href=\"http:\/\/podlasiebranickich.pl\/index.php\/obiekty\/\">Zobacz zabytki<\/a><\/div>\n\n\n\n<div class=\"wp-block-button is-style-secondary\"><a class=\"wp-block-button__link\" href=\"http:\/\/podlasiebranickich.pl\/index.php\/zglaszanie-zabytkow\/\">Zg\u0142o\u015b zabytek<\/a><\/div>\n<\/div>\n\n\n\n<div style=\"height:26px\" aria-hidden=\"true\" class=\"wp-block-spacer\"><\/div>\n<\/div><\/div>\n\n\n\n<div class=\"wp-block-columns obraz is-layout-flex wp-container-core-columns-is-layout-9d6595d7 wp-block-columns-is-layout-flex\">\n<div class=\"wp-block-column is-layout-flow wp-block-column-is-layout-flow\">\n<figure class=\"wp-block-image size-full\"><a href=\"http:\/\/podlasiebranickich.pl\/index.php\/zasoby\/\"><img loading=\"lazy\" decoding=\"async\" width=\"1000\" height=\"500\" src=\"http:\/\/podlasiebranickich.pl\/wp-content\/uploads\/2022\/09\/zasoby_d2.jpg\" alt=\"Zasoby - Poznaj najcenniejsze zbiory po rodzie branickich\" class=\"wp-image-1096\" srcset=\"http:\/\/podlasiebranickich.pl\/wp-content\/uploads\/2022\/09\/zasoby_d2.jpg 1000w, http:\/\/podlasiebranickich.pl\/wp-content\/uploads\/2022\/09\/zasoby_d2-300x150.jpg 300w, http:\/\/podlasiebranickich.pl\/wp-content\/uploads\/2022\/09\/zasoby_d2-768x384.jpg 768w\" sizes=\"auto, (max-width: 1000px) 100vw, 1000px\" \/><\/a><\/figure>\n<\/div>\n\n\n\n<div class=\"wp-block-column obraz is-layout-flow wp-block-column-is-layout-flow\">\n<figure class=\"wp-block-image size-full\"><a href=\"http:\/\/podlasiebranickich.pl\/index.php\/obiekty\/\"><img loading=\"lazy\" decoding=\"async\" width=\"1000\" height=\"500\" src=\"http:\/\/podlasiebranickich.pl\/wp-content\/uploads\/2022\/09\/obiekty_d2.jpg\" alt=\"Obiekty - odkryj obiekty zwi\u0105zane z rodem gryfit\u00f3w\" class=\"wp-image-1097\" srcset=\"http:\/\/podlasiebranickich.pl\/wp-content\/uploads\/2022\/09\/obiekty_d2.jpg 1000w, http:\/\/podlasiebranickich.pl\/wp-content\/uploads\/2022\/09\/obiekty_d2-300x150.jpg 300w, http:\/\/podlasiebranickich.pl\/wp-content\/uploads\/2022\/09\/obiekty_d2-768x384.jpg 768w\" sizes=\"auto, (max-width: 1000px) 100vw, 1000px\" \/><\/a><\/figure>\n<\/div>\n<\/div>\n\n\n\n<div class=\"wp-block-columns obraz is-layout-flex wp-container-core-columns-is-layout-9d6595d7 wp-block-columns-is-layout-flex\">\n<div class=\"wp-block-column is-layout-flow wp-block-column-is-layout-flow\">\n<figure class=\"wp-block-image size-full\"><a href=\"http:\/\/podlasiebranickich.pl\/index.php\/mapa\/\"><img loading=\"lazy\" decoding=\"async\" width=\"1000\" height=\"500\" src=\"http:\/\/podlasiebranickich.pl\/wp-content\/uploads\/2022\/09\/mapa_d2.jpg\" alt=\"Interaktywna Mapa z \u015bladami Branickich \" class=\"wp-image-1099\" srcset=\"http:\/\/podlasiebranickich.pl\/wp-content\/uploads\/2022\/09\/mapa_d2.jpg 1000w, http:\/\/podlasiebranickich.pl\/wp-content\/uploads\/2022\/09\/mapa_d2-300x150.jpg 300w, http:\/\/podlasiebranickich.pl\/wp-content\/uploads\/2022\/09\/mapa_d2-768x384.jpg 768w\" sizes=\"auto, (max-width: 1000px) 100vw, 1000px\" \/><\/a><\/figure>\n<\/div>\n\n\n\n<div class=\"wp-block-column is-layout-flow wp-block-column-is-layout-flow\">\n<figure class=\"wp-block-image size-full\"><a href=\"http:\/\/podlasiebranickich.pl\/index.php\/zglaszanie-zabytkow\/\"><img loading=\"lazy\" decoding=\"async\" width=\"1000\" height=\"500\" src=\"http:\/\/podlasiebranickich.pl\/wp-content\/uploads\/2022\/09\/zglos_d2-1.jpg\" alt=\"Zg\u0142o\u015b zabytek zwi\u0105zany z Branickimi\" class=\"wp-image-1101\" srcset=\"http:\/\/podlasiebranickich.pl\/wp-content\/uploads\/2022\/09\/zglos_d2-1.jpg 1000w, http:\/\/podlasiebranickich.pl\/wp-content\/uploads\/2022\/09\/zglos_d2-1-300x150.jpg 300w, http:\/\/podlasiebranickich.pl\/wp-content\/uploads\/2022\/09\/zglos_d2-1-768x384.jpg 768w\" sizes=\"auto, (max-width: 1000px) 100vw, 1000px\" \/><\/a><\/figure>\n<\/div>\n<\/div>\n\n\n\n<div class=\"wp-block-columns obraz2 is-layout-flex wp-container-core-columns-is-layout-9d6595d7 wp-block-columns-is-layout-flex\">\n<div class=\"wp-block-column is-layout-flow wp-block-column-is-layout-flow\">\n<figure class=\"wp-block-image size-full\"><a href=\"http:\/\/podlasiebranickich.pl\/index.php\/zasoby\/\"><img loading=\"lazy\" decoding=\"async\" width=\"1000\" height=\"500\" src=\"http:\/\/podlasiebranickich.pl\/wp-content\/uploads\/2022\/09\/zasoby_m-1.jpg\" alt=\"Zasoby - Poznaj najcenniejsze zbiory po rodzie branickich\" class=\"wp-image-831\" srcset=\"http:\/\/podlasiebranickich.pl\/wp-content\/uploads\/2022\/09\/zasoby_m-1.jpg 1000w, http:\/\/podlasiebranickich.pl\/wp-content\/uploads\/2022\/09\/zasoby_m-1-300x150.jpg 300w, http:\/\/podlasiebranickich.pl\/wp-content\/uploads\/2022\/09\/zasoby_m-1-768x384.jpg 768w\" sizes=\"auto, (max-width: 1000px) 100vw, 1000px\" \/><\/a><\/figure>\n<\/div>\n\n\n\n<div class=\"wp-block-column obraz2 is-layout-flow wp-block-column-is-layout-flow\">\n<figure class=\"wp-block-image size-full\"><a href=\"http:\/\/podlasiebranickich.pl\/index.php\/obiekty\/\"><img loading=\"lazy\" decoding=\"async\" width=\"1000\" height=\"500\" src=\"http:\/\/podlasiebranickich.pl\/wp-content\/uploads\/2022\/09\/obiekty_m.jpg\" alt=\"Obiekty - odkryj obiekty zwi\u0105zane z rodem gryfit\u00f3w\" class=\"wp-image-825\" srcset=\"http:\/\/podlasiebranickich.pl\/wp-content\/uploads\/2022\/09\/obiekty_m.jpg 1000w, http:\/\/podlasiebranickich.pl\/wp-content\/uploads\/2022\/09\/obiekty_m-300x150.jpg 300w, http:\/\/podlasiebranickich.pl\/wp-content\/uploads\/2022\/09\/obiekty_m-768x384.jpg 768w\" sizes=\"auto, (max-width: 1000px) 100vw, 1000px\" \/><\/a><\/figure>\n<\/div>\n<\/div>\n\n\n\n<div class=\"wp-block-columns obraz2 is-layout-flex wp-container-core-columns-is-layout-9d6595d7 wp-block-columns-is-layout-flex\">\n<div class=\"wp-block-column is-layout-flow wp-block-column-is-layout-flow\">\n<figure class=\"wp-block-image size-full\"><a href=\"http:\/\/podlasiebranickich.pl\/index.php\/mapa\/\"><img loading=\"lazy\" decoding=\"async\" width=\"1000\" height=\"500\" src=\"http:\/\/podlasiebranickich.pl\/wp-content\/uploads\/2022\/09\/mapa_m.jpg\" alt=\"Interaktywna Mapa z \u015bladami Branickich \" class=\"wp-image-824\" srcset=\"http:\/\/podlasiebranickich.pl\/wp-content\/uploads\/2022\/09\/mapa_m.jpg 1000w, http:\/\/podlasiebranickich.pl\/wp-content\/uploads\/2022\/09\/mapa_m-300x150.jpg 300w, http:\/\/podlasiebranickich.pl\/wp-content\/uploads\/2022\/09\/mapa_m-768x384.jpg 768w\" sizes=\"auto, (max-width: 1000px) 100vw, 1000px\" \/><\/a><\/figure>\n<\/div>\n\n\n\n<div class=\"wp-block-column obraz2 is-layout-flow wp-block-column-is-layout-flow\">\n<figure class=\"wp-block-image size-full\"><a href=\"http:\/\/podlasiebranickich.pl\/index.php\/zglaszanie-zabytkow\/\"><img loading=\"lazy\" decoding=\"async\" width=\"1000\" height=\"500\" src=\"http:\/\/podlasiebranickich.pl\/wp-content\/uploads\/2022\/09\/zglos_m.jpg\" alt=\"Zg\u0142o\u015b zabytek zwi\u0105zany z Branickimi\" class=\"wp-image-827\" srcset=\"http:\/\/podlasiebranickich.pl\/wp-content\/uploads\/2022\/09\/zglos_m.jpg 1000w, http:\/\/podlasiebranickich.pl\/wp-content\/uploads\/2022\/09\/zglos_m-300x150.jpg 300w, http:\/\/podlasiebranickich.pl\/wp-content\/uploads\/2022\/09\/zglos_m-768x384.jpg 768w\" sizes=\"auto, (max-width: 1000px) 100vw, 1000px\" \/><\/a><\/figure>\n<\/div>\n<\/div>\n\n\n\n<div style=\"height:100px\" aria-hidden=\"true\" class=\"wp-block-spacer\"><\/div>\n\n\n\n<h2 class=\"has-text-align-center has-x-large-font-size wp-block-heading\" style=\"font-style:normal;font-weight:100\">Partnerzy<\/h2>\n\n\n\n<div class=\"wp-block-group\"><div class=\"wp-block-group__inner-container is-layout-flow wp-block-group-is-layout-flow\">\n<div class=\"wp-block-columns is-layout-flex wp-container-core-columns-is-layout-9d6595d7 wp-block-columns-is-layout-flex\">\n<div class=\"wp-block-column logotypy is-layout-flow wp-block-column-is-layout-flow\">\n<div class=\"wp-block-columns is-layout-flex wp-container-core-columns-is-layout-9d6595d7 wp-block-columns-is-layout-flex\">\n<div class=\"wp-block-column is-layout-flow wp-block-column-is-layout-flow\"><div class=\"wp-block-image\">\n<figure class=\"aligncenter size-full\"><a href=\"http:\/\/www.awsd.bialystok.pl\/\" target=\"_blank\" rel=\"noreferrer noopener\"><img loading=\"lazy\" decoding=\"async\" width=\"200\" height=\"150\" src=\"http:\/\/podlasiebranickich.pl\/wp-content\/uploads\/2022\/09\/seminarium.jpg\" alt=\"logotyp Archidiecezji Bia\u0142ostockiej\" class=\"wp-image-663\"\/><\/a><\/figure>\n<\/div><\/div>\n\n\n\n<div class=\"wp-block-column is-layout-flow wp-block-column-is-layout-flow\"><div class=\"wp-block-image\">\n<figure class=\"aligncenter size-full\"><a href=\"https:\/\/archibial.pl\/instytucje\/archiwum-i-muzeum-archidiecezjalne\/\" target=\"_blank\" rel=\"noreferrer noopener\"><img loading=\"lazy\" decoding=\"async\" width=\"200\" height=\"150\" src=\"http:\/\/podlasiebranickich.pl\/wp-content\/uploads\/2022\/09\/archiwum.jpg\" alt=\"Logotyp Seminarium w Bia\u0142ymstoku\" class=\"wp-image-665\"\/><\/a><\/figure>\n<\/div><\/div>\n\n\n\n<div class=\"wp-block-column is-layout-flow wp-block-column-is-layout-flow\"><div class=\"wp-block-image\">\n<figure class=\"aligncenter size-full\"><a href=\"https:\/\/www.bialystok.ap.gov.pl\/\" target=\"_blank\" rel=\"noreferrer noopener\"><img loading=\"lazy\" decoding=\"async\" width=\"200\" height=\"150\" src=\"http:\/\/podlasiebranickich.pl\/wp-content\/uploads\/2022\/09\/archiwum_p.jpg\" alt=\"Logotyp Archiwum Pa\u0144stwowego\" class=\"wp-image-666\"\/><\/a><\/figure>\n<\/div><\/div>\n\n\n\n<div class=\"wp-block-column is-layout-flow wp-block-column-is-layout-flow\"><div class=\"wp-block-image\">\n<figure class=\"aligncenter size-full\"><a href=\"https:\/\/www.bialystok.pttk.pl\/\" target=\"_blank\" rel=\"noreferrer noopener\"><img loading=\"lazy\" decoding=\"async\" width=\"300\" height=\"162\" src=\"http:\/\/podlasiebranickich.pl\/wp-content\/uploads\/2022\/09\/PTTK.jpg\" alt=\"Logotyp PTTK Bia\u0142ystok\" class=\"wp-image-1092\"\/><\/a><\/figure>\n<\/div><\/div>\n<\/div>\n\n\n\n<div class=\"wp-block-columns is-layout-flex wp-container-core-columns-is-layout-9d6595d7 wp-block-columns-is-layout-flex\">\n<div class=\"wp-block-column is-layout-flow wp-block-column-is-layout-flow\"><\/div>\n\n\n\n<div class=\"wp-block-column is-layout-flow wp-block-column-is-layout-flow\"><div class=\"wp-block-image\">\n<figure class=\"aligncenter size-full\"><a href=\"https:\/\/www.umb.edu.pl\/muzeum\" target=\"_blank\" rel=\"noreferrer noopener\"><img loading=\"lazy\" decoding=\"async\" width=\"200\" height=\"150\" src=\"http:\/\/podlasiebranickich.pl\/wp-content\/uploads\/2022\/09\/muzeum.jpg\" alt=\"Logotyp Muzeum Medycyny i Farmacji\" class=\"wp-image-667\"\/><\/a><\/figure>\n<\/div><\/div>\n\n\n\n<div class=\"wp-block-column is-layout-flow wp-block-column-is-layout-flow\"><div class=\"wp-block-image\">\n<figure class=\"aligncenter size-full\"><a href=\"https:\/\/parafia-tykocin.pl\/\" target=\"_blank\" rel=\"noreferrer noopener\"><img loading=\"lazy\" decoding=\"async\" width=\"300\" height=\"162\" src=\"http:\/\/podlasiebranickich.pl\/wp-content\/uploads\/2022\/10\/tykocin.jpg\" alt=\"Logotyp Parafii w Tykocinie\" class=\"wp-image-1244\"\/><\/a><\/figure>\n<\/div><\/div>\n\n\n\n<div class=\"wp-block-column is-layout-flow wp-block-column-is-layout-flow\"><\/div>\n<\/div>\n\n\n\n<div class=\"wp-block-columns is-layout-flex wp-container-core-columns-is-layout-9d6595d7 wp-block-columns-is-layout-flex\">\n<div class=\"wp-block-column is-layout-flow wp-block-column-is-layout-flow\"><div class=\"wp-block-image\">\n<figure class=\"aligncenter size-full\"><a href=\"http:\/\/muzeum.bialystok.pl\/\" target=\"_blank\" rel=\"noreferrer noopener\"><img loading=\"lazy\" decoding=\"async\" width=\"200\" height=\"150\" src=\"http:\/\/podlasiebranickich.pl\/wp-content\/uploads\/2022\/09\/muzeuml-1.jpg\" alt=\"Logotyp Muzeum Podlaskiego\" class=\"wp-image-922\"\/><\/a><\/figure>\n<\/div><\/div>\n\n\n\n<div class=\"wp-block-column is-layout-flow wp-block-column-is-layout-flow\"><div class=\"wp-block-image\">\n<figure class=\"aligncenter size-full\"><a href=\"https:\/\/www.gov.pl\/web\/kultura\" target=\"_blank\" rel=\"noreferrer noopener\"><img loading=\"lazy\" decoding=\"async\" width=\"200\" height=\"150\" src=\"http:\/\/podlasiebranickich.pl\/wp-content\/uploads\/2022\/09\/ministerstwo.jpg\" alt=\"Logotyp MKiDN\" class=\"wp-image-877\"\/><\/a><\/figure>\n<\/div><\/div>\n\n\n\n<div class=\"wp-block-column is-layout-flow wp-block-column-is-layout-flow\"><div class=\"wp-block-image\">\n<figure class=\"aligncenter size-full\"><a href=\"https:\/\/podlaskie.eu\/\" target=\"_blank\" rel=\"noreferrer noopener\"><img loading=\"lazy\" decoding=\"async\" width=\"200\" height=\"150\" src=\"http:\/\/podlasiebranickich.pl\/wp-content\/uploads\/2022\/09\/podlaskie.jpg\" alt=\"Logotyp Podlaskiego\" class=\"wp-image-879\"\/><\/a><\/figure>\n<\/div><\/div>\n<\/div>\n\n\n\n<h2 class=\"has-text-align-center has-x-large-font-size wp-block-heading\" style=\"font-style:normal;font-weight:100\">Patroni medialni<\/h2>\n\n\n\n<div class=\"wp-block-columns is-layout-flex wp-container-core-columns-is-layout-9d6595d7 wp-block-columns-is-layout-flex\">\n<div class=\"wp-block-column is-layout-flow wp-block-column-is-layout-flow\"><div class=\"wp-block-image\">\n<figure class=\"aligncenter size-full is-resized\"><a href=\"https:\/\/bialystok.tvp.pl\/\" target=\"_blank\" rel=\"noreferrer noopener\"><img loading=\"lazy\" decoding=\"async\" src=\"http:\/\/podlasiebranickich.pl\/wp-content\/uploads\/2022\/10\/tvp3-2.jpg\" alt=\"Logotyp TVP3 Bia\u0142ystok\" class=\"wp-image-1413\" width=\"161\" height=\"121\"\/><\/a><\/figure>\n<\/div><\/div>\n\n\n\n<div class=\"wp-block-column is-layout-flow wp-block-column-is-layout-flow\"><div class=\"wp-block-image\">\n<figure class=\"aligncenter size-full is-resized\"><a href=\"https:\/\/www.radio.bialystok.pl\/\" target=\"_blank\" rel=\"noreferrer noopener\"><img loading=\"lazy\" decoding=\"async\" src=\"http:\/\/podlasiebranickich.pl\/wp-content\/uploads\/2022\/10\/radio.jpg\" alt=\"Logotyp Polskie Radio Bia\u0142ystok\" class=\"wp-image-1378\" width=\"144\" height=\"108\"\/><\/a><\/figure>\n<\/div><\/div>\n\n\n\n<div class=\"wp-block-column is-layout-flow wp-block-column-is-layout-flow\"><div class=\"wp-block-image\">\n<figure class=\"aligncenter size-full\"><a href=\"https:\/\/poranny.pl\/\" target=\"_blank\" rel=\"noreferrer noopener\"><img loading=\"lazy\" decoding=\"async\" width=\"200\" height=\"150\" src=\"http:\/\/podlasiebranickich.pl\/wp-content\/uploads\/2022\/10\/poranny.jpg\" alt=\"Logotyp Kuriera Porannego\" class=\"wp-image-1403\"\/><\/a><\/figure>\n<\/div><\/div>\n\n\n\n<div class=\"wp-block-column is-layout-flow wp-block-column-is-layout-flow\"><div class=\"wp-block-image\">\n<figure class=\"aligncenter size-full\"><a href=\"https:\/\/poranny.pl\/\" target=\"_blank\" rel=\"noreferrer noopener\"><img loading=\"lazy\" decoding=\"async\" width=\"200\" height=\"150\" src=\"http:\/\/podlasiebranickich.pl\/wp-content\/uploads\/2022\/10\/wspolczesna.jpg\" alt=\"Logotyp Gazety Wsp\u00f3\u0142czesnej\" class=\"wp-image-1404\"\/><\/a><\/figure>\n<\/div><\/div>\n<\/div>\n<\/div>\n<\/div>\n<\/div><\/div>\n","protected":false},"excerpt":{"rendered":"<p>Partnerzy Patroni medialni<\/p>\n","protected":false},"author":1,"featured_media":1679,"parent":0,"menu_order":0,"comment_status":"closed","ping_status":"closed","template":"","meta":{"neve_meta_sidebar":"","neve_meta_container":"full-width","neve_meta_enable_content_width":"on","neve_meta_content_width":100,"neve_meta_title_alignment":"center","neve_meta_author_avatar":"","neve_post_elements_order":"","neve_meta_disable_header":"","neve_meta_disable_footer":"","neve_meta_disable_title":"on","footnotes":""},"class_list":["post-8","page","type-page","status-publish","has-post-thumbnail","hentry"],"yoast_head":"<!-- This site is optimized with the Yoast SEO plugin v19.7.1 - https:\/\/yoast.com\/wordpress\/plugins\/seo\/ -->\n<title>Strona g\u0142\u00f3wna - Podlasie Branickich<\/title>\n<meta name=\"robots\" content=\"index, follow, max-snippet:-1, max-image-preview:large, max-video-preview:-1\" \/>\n<link rel=\"canonical\" href=\"https:\/\/podlasiebranickich.pl\/\" \/>\n<meta property=\"og:locale\" content=\"pl_PL\" \/>\n<meta property=\"og:type\" content=\"article\" \/>\n<meta property=\"og:title\" content=\"Strona g\u0142\u00f3wna - Podlasie Branickich\" \/>\n<meta property=\"og:description\" content=\"Partnerzy Patroni medialni\" \/>\n<meta property=\"og:url\" content=\"https:\/\/podlasiebranickich.pl\/\" \/>\n<meta property=\"og:site_name\" content=\"Podlasie Branickich\" \/>\n<meta property=\"article:modified_time\" content=\"2022-10-06T20:29:38+00:00\" \/>\n<meta property=\"og:image\" content=\"https:\/\/podlasiebranickich.pl\/wp-content\/uploads\/2022\/10\/000_Muzeum-Podlaskie.jpg\" \/>\n\t<meta property=\"og:image:width\" content=\"1000\" \/>\n\t<meta property=\"og:image:height\" content=\"563\" \/>\n\t<meta property=\"og:image:type\" content=\"image\/jpeg\" \/>\n<meta name=\"twitter:card\" content=\"summary_large_image\" \/>\n<meta name=\"twitter:label1\" content=\"Szacowany czas czytania\" \/>\n\t<meta name=\"twitter:data1\" content=\"4 minuty\" \/>\n<script type=\"application\/ld+json\" class=\"yoast-schema-graph\">{\"@context\":\"https:\/\/schema.org\",\"@graph\":[{\"@type\":\"WebPage\",\"@id\":\"https:\/\/podlasiebranickich.pl\/\",\"url\":\"https:\/\/podlasiebranickich.pl\/\",\"name\":\"Strona g\u0142\u00f3wna - Podlasie Branickich\",\"isPartOf\":{\"@id\":\"https:\/\/podlasiebranickich.pl\/#website\"},\"datePublished\":\"2022-08-26T07:15:42+00:00\",\"dateModified\":\"2022-10-06T20:29:38+00:00\",\"breadcrumb\":{\"@id\":\"https:\/\/podlasiebranickich.pl\/#breadcrumb\"},\"inLanguage\":\"pl-PL\",\"potentialAction\":[{\"@type\":\"ReadAction\",\"target\":[\"https:\/\/podlasiebranickich.pl\/\"]}]},{\"@type\":\"BreadcrumbList\",\"@id\":\"https:\/\/podlasiebranickich.pl\/#breadcrumb\",\"itemListElement\":[{\"@type\":\"ListItem\",\"position\":1,\"name\":\"Strona g\u0142\u00f3wna\",\"item\":\"https:\/\/podlasiebranickich.pl\/\"},{\"@type\":\"ListItem\",\"position\":2,\"name\":\"Strona g\u0142\u00f3wna\"}]},{\"@type\":\"WebSite\",\"@id\":\"https:\/\/podlasiebranickich.pl\/#website\",\"url\":\"https:\/\/podlasiebranickich.pl\/\",\"name\":\"Podlasie Branickich\",\"description\":\"Obiekty kultury pozosta\u0142e po rodzie Branickich na Podlasiu\",\"publisher\":{\"@id\":\"https:\/\/podlasiebranickich.pl\/#organization\"},\"potentialAction\":[{\"@type\":\"SearchAction\",\"target\":{\"@type\":\"EntryPoint\",\"urlTemplate\":\"https:\/\/podlasiebranickich.pl\/?s={search_term_string}\"},\"query-input\":\"required name=search_term_string\"}],\"inLanguage\":\"pl-PL\"},{\"@type\":\"Organization\",\"@id\":\"https:\/\/podlasiebranickich.pl\/#organization\",\"name\":\"Podlasie Branickich\",\"url\":\"https:\/\/podlasiebranickich.pl\/\",\"sameAs\":[],\"logo\":{\"@type\":\"ImageObject\",\"inLanguage\":\"pl-PL\",\"@id\":\"https:\/\/podlasiebranickich.pl\/#\/schema\/logo\/image\/\",\"url\":\"http:\/\/podlasiebranickich.pl\/wp-content\/uploads\/2022\/08\/logo-agency.png\",\"contentUrl\":\"http:\/\/podlasiebranickich.pl\/wp-content\/uploads\/2022\/08\/logo-agency.png\",\"width\":200,\"height\":200,\"caption\":\"Podlasie Branickich\"},\"image\":{\"@id\":\"https:\/\/podlasiebranickich.pl\/#\/schema\/logo\/image\/\"}}]}<\/script>\n<!-- \/ Yoast SEO plugin. -->","yoast_head_json":{"title":"Strona g\u0142\u00f3wna - Podlasie Branickich","robots":{"index":"index","follow":"follow","max-snippet":"max-snippet:-1","max-image-preview":"max-image-preview:large","max-video-preview":"max-video-preview:-1"},"canonical":"https:\/\/podlasiebranickich.pl\/","og_locale":"pl_PL","og_type":"article","og_title":"Strona g\u0142\u00f3wna - Podlasie Branickich","og_description":"Partnerzy Patroni medialni","og_url":"https:\/\/podlasiebranickich.pl\/","og_site_name":"Podlasie Branickich","article_modified_time":"2022-10-06T20:29:38+00:00","og_image":[{"width":1000,"height":563,"url":"https:\/\/podlasiebranickich.pl\/wp-content\/uploads\/2022\/10\/000_Muzeum-Podlaskie.jpg","type":"image\/jpeg"}],"twitter_card":"summary_large_image","twitter_misc":{"Szacowany czas czytania":"4 minuty"},"schema":{"@context":"https:\/\/schema.org","@graph":[{"@type":"WebPage","@id":"https:\/\/podlasiebranickich.pl\/","url":"https:\/\/podlasiebranickich.pl\/","name":"Strona g\u0142\u00f3wna - Podlasie Branickich","isPartOf":{"@id":"https:\/\/podlasiebranickich.pl\/#website"},"datePublished":"2022-08-26T07:15:42+00:00","dateModified":"2022-10-06T20:29:38+00:00","breadcrumb":{"@id":"https:\/\/podlasiebranickich.pl\/#breadcrumb"},"inLanguage":"pl-PL","potentialAction":[{"@type":"ReadAction","target":["https:\/\/podlasiebranickich.pl\/"]}]},{"@type":"BreadcrumbList","@id":"https:\/\/podlasiebranickich.pl\/#breadcrumb","itemListElement":[{"@type":"ListItem","position":1,"name":"Strona g\u0142\u00f3wna","item":"https:\/\/podlasiebranickich.pl\/"},{"@type":"ListItem","position":2,"name":"Strona g\u0142\u00f3wna"}]},{"@type":"WebSite","@id":"https:\/\/podlasiebranickich.pl\/#website","url":"https:\/\/podlasiebranickich.pl\/","name":"Podlasie Branickich","description":"Obiekty kultury pozosta\u0142e po rodzie Branickich na Podlasiu","publisher":{"@id":"https:\/\/podlasiebranickich.pl\/#organization"},"potentialAction":[{"@type":"SearchAction","target":{"@type":"EntryPoint","urlTemplate":"https:\/\/podlasiebranickich.pl\/?s={search_term_string}"},"query-input":"required name=search_term_string"}],"inLanguage":"pl-PL"},{"@type":"Organization","@id":"https:\/\/podlasiebranickich.pl\/#organization","name":"Podlasie Branickich","url":"https:\/\/podlasiebranickich.pl\/","sameAs":[],"logo":{"@type":"ImageObject","inLanguage":"pl-PL","@id":"https:\/\/podlasiebranickich.pl\/#\/schema\/logo\/image\/","url":"http:\/\/podlasiebranickich.pl\/wp-content\/uploads\/2022\/08\/logo-agency.png","contentUrl":"http:\/\/podlasiebranickich.pl\/wp-content\/uploads\/2022\/08\/logo-agency.png","width":200,"height":200,"caption":"Podlasie Branickich"},"image":{"@id":"https:\/\/podlasiebranickich.pl\/#\/schema\/logo\/image\/"}}]}},"_links":{"self":[{"href":"http:\/\/podlasiebranickich.pl\/index.php\/wp-json\/wp\/v2\/pages\/8","targetHints":{"allow":["GET"]}}],"collection":[{"href":"http:\/\/podlasiebranickich.pl\/index.php\/wp-json\/wp\/v2\/pages"}],"about":[{"href":"http:\/\/podlasiebranickich.pl\/index.php\/wp-json\/wp\/v2\/types\/page"}],"author":[{"embeddable":true,"href":"http:\/\/podlasiebranickich.pl\/index.php\/wp-json\/wp\/v2\/users\/1"}],"replies":[{"embeddable":true,"href":"http:\/\/podlasiebranickich.pl\/index.php\/wp-json\/wp\/v2\/comments?post=8"}],"version-history":[{"count":205,"href":"http:\/\/podlasiebranickich.pl\/index.php\/wp-json\/wp\/v2\/pages\/8\/revisions"}],"predecessor-version":[{"id":1757,"href":"http:\/\/podlasiebranickich.pl\/index.php\/wp-json\/wp\/v2\/pages\/8\/revisions\/1757"}],"wp:featuredmedia":[{"embeddable":true,"href":"http:\/\/podlasiebranickich.pl\/index.php\/wp-json\/wp\/v2\/media\/1679"}],"wp:attachment":[{"href":"http:\/\/podlasiebranickich.pl\/index.php\/wp-json\/wp\/v2\/media?parent=8"}],"curies":[{"name":"wp","href":"https:\/\/api.w.org\/{rel}","templated":true}]}}